{"id":1709,"date":"2023-03-09T23:29:40","date_gmt":"2023-03-09T21:29:40","guid":{"rendered":"https:\/\/azulecohotel.com\/index.php\/all-inclusive\/"},"modified":"2023-03-09T23:29:40","modified_gmt":"2023-03-09T21:29:40","slug":"all-inclusive","status":"publish","type":"page","link":"https:\/\/azulecohotel.com\/index.php\/all-inclusive\/?lang=fr","title":{"rendered":"All- inclusive"},"content":{"rendered":"\t\t<div data-elementor-type=\"wp-page\" data-elementor-id=\"1709\" class=\"elementor elementor-1709\">\n\t\t\t\t\t\t<section class=\"elementor-section elementor-top-section elementor-element elementor-element-9dd2e39 elementor-section-boxed elementor-section-height-default elementor-section-height-default\" data-id=\"9dd2e39\" data-element_type=\"section\" data-e-type=\"section\">\n\t\t\t\t\t\t<div class=\"elementor-container elementor-column-gap-default\">\n\t\t\t\t\t<div class=\"elementor-column elementor-col-100 elementor-top-column elementor-element elementor-element-61b8566\" data-id=\"61b8566\" data-element_type=\"column\" data-e-type=\"column\">\n\t\t\t<div class=\"elementor-widget-wrap elementor-element-populated\">\n\t\t\t\t\t\t<div class=\"elementor-element elementor-element-e8b3068 elementor-widget elementor-widget-heading\" data-id=\"e8b3068\" data-element_type=\"widget\" data-e-type=\"widget\" data-widget_type=\"heading.default\">\n\t\t\t\t<div class=\"elementor-widget-container\">\n\t\t\t\t\t<h2 class=\"elementor-heading-title elementor-size-default\">All- inclusive<\/h2>\t\t\t\t<\/div>\n\t\t\t\t<\/div>\n\t\t\t\t<section class=\"elementor-section elementor-inner-section elementor-element elementor-element-0383cb1 elementor-section-boxed elementor-section-height-default elementor-section-height-default\" data-id=\"0383cb1\" data-element_type=\"section\" data-e-type=\"section\">\n\t\t\t\t\t\t<div class=\"elementor-container elementor-column-gap-default\">\n\t\t\t\t\t<div class=\"elementor-column elementor-col-50 elementor-inner-column elementor-element elementor-element-a6a7fff\" data-id=\"a6a7fff\" data-element_type=\"column\" data-e-type=\"column\">\n\t\t\t<div class=\"elementor-widget-wrap elementor-element-populated\">\n\t\t\t\t\t\t<div class=\"elementor-element elementor-element-993304d elementor-widget elementor-widget-image-carousel\" data-id=\"993304d\" data-element_type=\"widget\" data-e-type=\"widget\" data-settings=\"{&quot;slides_to_show&quot;:&quot;1&quot;,&quot;navigation&quot;:&quot;none&quot;,&quot;autoplay&quot;:&quot;yes&quot;,&quot;pause_on_hover&quot;:&quot;yes&quot;,&quot;pause_on_interaction&quot;:&quot;yes&quot;,&quot;autoplay_speed&quot;:5000,&quot;infinite&quot;:&quot;yes&quot;,&quot;effect&quot;:&quot;slide&quot;,&quot;speed&quot;:500}\" data-widget_type=\"image-carousel.default\">\n\t\t\t\t<div class=\"elementor-widget-container\">\n\t\t\t\t\t\t\t<div class=\"elementor-image-carousel-wrapper swiper\" role=\"region\" aria-roledescription=\"carousel\" aria-label=\"Carrousel d\u2019images\" dir=\"ltr\">\n\t\t\t<div class=\"elementor-image-carousel swiper-wrapper swiper-image-stretch\" aria-live=\"off\">\n\t\t\t\t\t\t\t\t<div class=\"swiper-slide\" role=\"group\" aria-roledescription=\"slide\" aria-label=\"1 sur 2\"><figure class=\"swiper-slide-inner\"><img decoding=\"async\" class=\"swiper-slide-image\" src=\"https:\/\/azulecohotel.com\/wp-content\/uploads\/2023\/01\/delicious-mousse-desserts-decorated-with-strawberries-banquet-candy-bar-300x200.jpg\" alt=\"Delicious mousse desserts decorated with strawberries at the banquet candy bar\" \/><\/figure><\/div><div class=\"swiper-slide\" role=\"group\" aria-roledescription=\"slide\" aria-label=\"2 sur 2\"><figure class=\"swiper-slide-inner\"><img decoding=\"async\" class=\"swiper-slide-image\" src=\"https:\/\/azulecohotel.com\/wp-content\/uploads\/2023\/01\/pouring-strong-alcohol-drink-into-glasses-which-are-wooden-table-300x200.jpg\" alt=\"Pouring strong alcohol drink into the glasses which are on the wooden table\" \/><\/figure><\/div>\t\t\t<\/div>\n\t\t\t\t\t\t\t\n\t\t\t\t\t\t\t\t\t<\/div>\n\t\t\t\t\t\t<\/div>\n\t\t\t\t<\/div>\n\t\t\t\t\t<\/div>\n\t\t<\/div>\n\t\t\t\t<div class=\"elementor-column elementor-col-50 elementor-inner-column elementor-element elementor-element-9bb2b09\" data-id=\"9bb2b09\" data-element_type=\"column\" data-e-type=\"column\">\n\t\t\t<div class=\"elementor-widget-wrap elementor-element-populated\">\n\t\t\t\t\t\t<div class=\"elementor-element elementor-element-4da2ade elementor-widget elementor-widget-text-editor\" data-id=\"4da2ade\" data-element_type=\"widget\" data-e-type=\"widget\" data-widget_type=\"text-editor.default\">\n\t\t\t\t<div class=\"elementor-widget-container\">\n\t\t\t\t\t\t\t\t\t<p>Les services all-inclusive sont de haute qualit\u00e9, garantissant aux clients une exp\u00e9rience sup\u00e9rieure personnalis\u00e9e et offrant des avantages suppl\u00e9mentaires.<br \/>\nNous aimons prendre soin de vous-m\u00eames<\/p>\n\t\t\t\t\t\t\t\t<\/div>\n\t\t\t\t<\/div>\n\t\t\t\t\t<\/div>\n\t\t<\/div>\n\t\t\t\t\t<\/div>\n\t\t<\/section>\n\t\t\t\t\t<\/div>\n\t\t<\/div>\n\t\t\t\t\t<\/div>\n\t\t<\/section>\n\t\t\t\t<section class=\"elementor-section elementor-top-section elementor-element elementor-element-1ba1af8 elementor-section-boxed elementor-section-height-default elementor-section-height-default\" data-id=\"1ba1af8\" data-element_type=\"section\" data-e-type=\"section\">\n\t\t\t\t\t\t<div class=\"elementor-container elementor-column-gap-default\">\n\t\t\t\t\t<div class=\"elementor-column elementor-col-100 elementor-top-column elementor-element elementor-element-d4d568a\" data-id=\"d4d568a\" data-element_type=\"column\" data-e-type=\"column\">\n\t\t\t<div class=\"elementor-widget-wrap elementor-element-populated\">\n\t\t\t\t\t\t<section class=\"elementor-section elementor-inner-section elementor-element elementor-element-fbefdb0 elementor-section-boxed elementor-section-height-default elementor-section-height-default\" data-id=\"fbefdb0\" data-element_type=\"section\" data-e-type=\"section\">\n\t\t\t\t\t\t<div class=\"elementor-container elementor-column-gap-default\">\n\t\t\t\t\t<div class=\"elementor-column elementor-col-50 elementor-inner-column elementor-element elementor-element-5f45c96\" data-id=\"5f45c96\" data-element_type=\"column\" data-e-type=\"column\">\n\t\t\t<div class=\"elementor-widget-wrap elementor-element-populated\">\n\t\t\t\t\t\t<div class=\"elementor-element elementor-element-5ef75c2 elementor-widget elementor-widget-heading\" data-id=\"5ef75c2\" data-element_type=\"widget\" data-e-type=\"widget\" data-widget_type=\"heading.default\">\n\t\t\t\t<div class=\"elementor-widget-container\">\n\t\t\t\t\t<h3 class=\"elementor-heading-title elementor-size-default\">Comment \u00e7a marche ?<\/h3>\t\t\t\t<\/div>\n\t\t\t\t<\/div>\n\t\t\t\t<div class=\"elementor-element elementor-element-c83e336 elementor-widget elementor-widget-text-editor\" data-id=\"c83e336\" data-element_type=\"widget\" data-e-type=\"widget\" data-widget_type=\"text-editor.default\">\n\t\t\t\t<div class=\"elementor-widget-container\">\n\t\t\t\t\t\t\t\t\t<p>\u00c0 votre arriv\u00e9e, il vous sera remis un bracelet. Nous vous prions de l&#8217;avez sur votre poignet jusqu&#8217;\u00e0 votre d\u00e9part, afin que le personnel de l&#8217;h\u00f4tel puisse vous reconna\u00eetre comme un h\u00f4tel membre tout inclus.<\/p>\n<p>Le programme \u00ab\u00a0Ultra All-inclusive\u00a0\u00bb fonctionne tous les jours de 07h00 \u00e0 22h00.<\/p>\n\t\t\t\t\t\t\t\t<\/div>\n\t\t\t\t<\/div>\n\t\t\t\t\t<\/div>\n\t\t<\/div>\n\t\t\t\t<div class=\"elementor-column elementor-col-50 elementor-inner-column elementor-element elementor-element-c828b22\" data-id=\"c828b22\" data-element_type=\"column\" data-e-type=\"column\">\n\t\t\t<div class=\"elementor-widget-wrap elementor-element-populated\">\n\t\t\t\t\t\t<div class=\"elementor-element elementor-element-e7b08d6 elementor-widget elementor-widget-image-carousel\" data-id=\"e7b08d6\" data-element_type=\"widget\" data-e-type=\"widget\" data-settings=\"{&quot;slides_to_show&quot;:&quot;1&quot;,&quot;navigation&quot;:&quot;none&quot;,&quot;autoplay&quot;:&quot;yes&quot;,&quot;pause_on_hover&quot;:&quot;yes&quot;,&quot;pause_on_interaction&quot;:&quot;yes&quot;,&quot;autoplay_speed&quot;:5000,&quot;infinite&quot;:&quot;yes&quot;,&quot;effect&quot;:&quot;slide&quot;,&quot;speed&quot;:500}\" data-widget_type=\"image-carousel.default\">\n\t\t\t\t<div class=\"elementor-widget-container\">\n\t\t\t\t\t\t\t<div class=\"elementor-image-carousel-wrapper swiper\" role=\"region\" aria-roledescription=\"carousel\" aria-label=\"Carrousel d\u2019images\" dir=\"ltr\">\n\t\t\t<div class=\"elementor-image-carousel swiper-wrapper swiper-image-stretch\" aria-live=\"off\">\n\t\t\t\t\t\t\t\t<div class=\"swiper-slide\" role=\"group\" aria-roledescription=\"slide\" aria-label=\"1 sur 2\"><figure class=\"swiper-slide-inner\"><img decoding=\"async\" class=\"swiper-slide-image\" src=\"https:\/\/azulecohotel.com\/wp-content\/uploads\/2023\/01\/all-smiles-for-party-sparklers-300x200.jpg\" alt=\"all-smiles-for-party-sparklers\" \/><\/figure><\/div><div class=\"swiper-slide\" role=\"group\" aria-roledescription=\"slide\" aria-label=\"2 sur 2\"><figure class=\"swiper-slide-inner\"><img decoding=\"async\" class=\"swiper-slide-image\" src=\"https:\/\/azulecohotel.com\/wp-content\/uploads\/2023\/01\/dark-night-lights-2595778-300x200.jpg\" alt=\"dark, night, lights-2595778.jpg\" \/><\/figure><\/div>\t\t\t<\/div>\n\t\t\t\t\t\t\t\n\t\t\t\t\t\t\t\t\t<\/div>\n\t\t\t\t\t\t<\/div>\n\t\t\t\t<\/div>\n\t\t\t\t\t<\/div>\n\t\t<\/div>\n\t\t\t\t\t<\/div>\n\t\t<\/section>\n\t\t\t\t\t<\/div>\n\t\t<\/div>\n\t\t\t\t\t<\/div>\n\t\t<\/section>\n\t\t\t\t<section class=\"elementor-section elementor-top-section elementor-element elementor-element-fcd7efe elementor-section-boxed elementor-section-height-default elementor-section-height-default\" data-id=\"fcd7efe\" data-element_type=\"section\" data-e-type=\"section\">\n\t\t\t\t\t\t<div class=\"elementor-container elementor-column-gap-default\">\n\t\t\t\t\t<div class=\"elementor-column elementor-col-100 elementor-top-column elementor-element elementor-element-68749ab\" data-id=\"68749ab\" data-element_type=\"column\" data-e-type=\"column\">\n\t\t\t<div class=\"elementor-widget-wrap elementor-element-populated\">\n\t\t\t\t\t\t<div class=\"elementor-element elementor-element-b5ce5ab elementor-widget elementor-widget-heading\" data-id=\"b5ce5ab\" data-element_type=\"widget\" data-e-type=\"widget\" data-widget_type=\"heading.default\">\n\t\t\t\t<div class=\"elementor-widget-container\">\n\t\t\t\t\t<h3 class=\"elementor-heading-title elementor-size-default\">Que comprend le programme \u00ab Ultra All-Inclusive \u00bb? <\/h3>\t\t\t\t<\/div>\n\t\t\t\t<\/div>\n\t\t\t\t<div class=\"elementor-element elementor-element-fbed594 elementor-widget elementor-widget-text-editor\" data-id=\"fbed594\" data-element_type=\"widget\" data-e-type=\"widget\" data-widget_type=\"text-editor.default\">\n\t\t\t\t<div class=\"elementor-widget-container\">\n\t\t\t\t\t\t\t\t\t<p>Petit-d\u00e9jeuner, d\u00e9jeuner et d\u00eener au restaurant principal de l&#8217;h\u00f4tel (cuisine internationale et m\u00e9diterran\u00e9enne).<\/p>\n<ul>\n<li>Petit d\u00e9jeuner 07h30 \u2013 10h00. Formule buffet<\/li>\n<li>D\u00e9jeuner 13h00 \u2013 15h00. Formule buffet<\/li>\n<li>D\u00eener 19h00 \u2013 21h30. Formule buffet<\/li>\n<\/ul>\n<p>Une grande vari\u00e9t\u00e9 de boissons non alcoolis\u00e9es, de bi\u00e8res pression et de boissons alcoolis\u00e9es internationales (incluses dans la liste all-inclusive du menu).<\/p>\n<p>Menu v\u00e9g\u00e9tarien et diab\u00e9tique (sur demande)<\/p>\n<ul>\n<li>Soir\u00e9es th\u00e9matiques chaque semaine (par exemple : soir\u00e9e italienne ou soir\u00e9e grecque)<\/li>\n<\/ul>\n<p>Pool Bar 10:00 \u2013 23:00<\/p>\n<ul>\n<li>Consommation illimit\u00e9e d&#8217;une vari\u00e9t\u00e9 de caf\u00e9s, th\u00e9s, boissons non alcoolis\u00e9es, laits, chocolats, jus de fruits, eaux gazeuse (inclus dans la liste all- inclusive du menu)<\/li>\n<li>Une grande vari\u00e9t\u00e9 de boissons non alcoolis\u00e9es, de bi\u00e8res pression et de boissons alcoolis\u00e9es internationales et grecques (Ouzo, Raki) (incluses dans la liste all- inclusive du menu).<\/li>\n<\/ul>\n<p>Chambres<\/p>\n<ul>\n<li>Une bouteille d&#8217;eau \u00e0 l&#8217;arriv\u00e9e<\/li>\n<li>Cafeti\u00e8re\/bouilloire<\/li>\n<\/ul>\n<p>Services &amp; \u00e9quipements<\/p>\n<ul>\n<li>Utilisation gratuite de la piscine et des chaises longues de l&#8217;h\u00f4tel (10h00-19h00). Serviettes de plage-piscine (avec d\u00e9p\u00f4t)<\/li>\n<\/ul>\n\t\t\t\t\t\t\t\t<\/div>\n\t\t\t\t<\/div>\n\t\t\t\t\t<\/div>\n\t\t<\/div>\n\t\t\t\t\t<\/div>\n\t\t<\/section>\n\t\t\t\t<section class=\"elementor-section elementor-top-section elementor-element elementor-element-e128589 elementor-section-boxed elementor-section-height-default elementor-section-height-default\" data-id=\"e128589\" data-element_type=\"section\" data-e-type=\"section\">\n\t\t\t\t\t\t<div class=\"elementor-container elementor-column-gap-default\">\n\t\t\t\t\t<div class=\"elementor-column elementor-col-100 elementor-top-column elementor-element elementor-element-5cb30d9\" data-id=\"5cb30d9\" data-element_type=\"column\" data-e-type=\"column\">\n\t\t\t<div class=\"elementor-widget-wrap elementor-element-populated\">\n\t\t\t\t\t\t<div class=\"elementor-element elementor-element-1e31986 elementor-widget elementor-widget-image\" data-id=\"1e31986\" data-element_type=\"widget\" data-e-type=\"widget\" data-widget_type=\"image.default\">\n\t\t\t\t<div class=\"elementor-widget-container\">\n\t\t\t\t\t\t\t\t\t\t\t\t\t\t\t<img fetchpriority=\"high\" decoding=\"async\" width=\"1024\" height=\"656\" src=\"https:\/\/azulecohotel.com\/wp-content\/uploads\/2023\/01\/architecture-terrace-crete-5028845-1024x656.jpg\" class=\"attachment-large size-large wp-image-824\" alt=\"architecture, terrace, crete-5028845.jpg\" srcset=\"https:\/\/azulecohotel.com\/wp-content\/uploads\/2023\/01\/architecture-terrace-crete-5028845-1024x656.jpg 1024w, https:\/\/azulecohotel.com\/wp-content\/uploads\/2023\/01\/architecture-terrace-crete-5028845-300x192.jpg 300w, https:\/\/azulecohotel.com\/wp-content\/uploads\/2023\/01\/architecture-terrace-crete-5028845-768x492.jpg 768w, https:\/\/azulecohotel.com\/wp-content\/uploads\/2023\/01\/architecture-terrace-crete-5028845.jpg 1280w\" sizes=\"(max-width: 1024px) 100vw, 1024px\" \/>\t\t\t\t\t\t\t\t\t\t\t\t\t\t\t<\/div>\n\t\t\t\t<\/div>\n\t\t\t\t\t<\/div>\n\t\t<\/div>\n\t\t\t\t\t<\/div>\n\t\t<\/section>\n\t\t\t\t<section class=\"elementor-section elementor-top-section elementor-element elementor-element-22bf82c elementor-section-boxed elementor-section-height-default elementor-section-height-default\" data-id=\"22bf82c\" data-element_type=\"section\" data-e-type=\"section\" data-settings=\"{&quot;background_background&quot;:&quot;classic&quot;}\">\n\t\t\t\t\t\t<div class=\"elementor-container elementor-column-gap-default\">\n\t\t\t\t\t<div class=\"elementor-column elementor-col-100 elementor-top-column elementor-element elementor-element-4fb00a4\" data-id=\"4fb00a4\" data-element_type=\"column\" data-e-type=\"column\">\n\t\t\t<div class=\"elementor-widget-wrap elementor-element-populated\">\n\t\t\t\t\t\t<div class=\"elementor-element elementor-element-2963b48 elementor-widget elementor-widget-text-editor\" data-id=\"2963b48\" data-element_type=\"widget\" data-e-type=\"widget\" data-widget_type=\"text-editor.default\">\n\t\t\t\t<div class=\"elementor-widget-container\">\n\t\t\t\t\t\t\t\t\t<ul>\n<li>Le syst\u00e8me s&#8217;applique au restaurant et au bar de la piscine jusqu&#8217;\u00e0 22h00. Pass\u00e9 ce d\u00e9lai, des frais seront factur\u00e9s selon nos tarifs.<\/li>\n<li>Les avantages du paquet \u00ab\u00a0Ultra All-inclusive\u00a0\u00bb peuvent \u00eatre appr\u00e9ci\u00e9s du moment de l&#8217;arriv\u00e9e jusqu&#8217;au d\u00e9part \u00e0 11h00 de l&#8217;h\u00f4tel. Si vous arrivez avant 15h00, vous pourrez profiter des avantages du programme Ultra All Inclusive.<\/li>\n<li>Tout ce qui n&#8217;est pas mentionn\u00e9 ci-dessus n&#8217;est pas inclus dans les services fournis gratuitement.<\/li>\n<li>La direction de l&#8217;h\u00f4tel se r\u00e9serve le droit d&#8217;apporter certaines modifications au programme sans pr\u00e9avis.<\/li>\n<\/ul>\n\t\t\t\t\t\t\t\t<\/div>\n\t\t\t\t<\/div>\n\t\t\t\t\t<\/div>\n\t\t<\/div>\n\t\t\t\t\t<\/div>\n\t\t<\/section>\n\t\t\t\t<section class=\"elementor-section elementor-top-section elementor-element elementor-element-c435922 elementor-section-boxed elementor-section-height-default elementor-section-height-default\" data-id=\"c435922\" data-element_type=\"section\" data-e-type=\"section\">\n\t\t\t\t\t\t<div class=\"elementor-container elementor-column-gap-default\">\n\t\t\t\t\t<div class=\"elementor-column elementor-col-100 elementor-top-column elementor-element elementor-element-da9b471\" data-id=\"da9b471\" data-element_type=\"column\" data-e-type=\"column\">\n\t\t\t<div class=\"elementor-widget-wrap elementor-element-populated\">\n\t\t\t\t\t\t<div class=\"elementor-element elementor-element-8351bae elementor-widget elementor-widget-spacer\" data-id=\"8351bae\" data-element_type=\"widget\" data-e-type=\"widget\" data-widget_type=\"spacer.default\">\n\t\t\t\t<div class=\"elementor-widget-container\">\n\t\t\t\t\t\t\t<div class=\"elementor-spacer\">\n\t\t\t<div class=\"elementor-spacer-inner\"><\/div>\n\t\t<\/div>\n\t\t\t\t\t\t<\/div>\n\t\t\t\t<\/div>\n\t\t\t\t\t<\/div>\n\t\t<\/div>\n\t\t\t\t\t<\/div>\n\t\t<\/section>\n\t\t\t\t<\/div>\n\t\t","protected":false},"excerpt":{"rendered":"<p>All- inclusive Les services all-inclusive sont de haute qualit\u00e9, garantissant aux clients une exp\u00e9rience sup\u00e9rieure personnalis\u00e9e et offrant des avantages suppl\u00e9mentaires. Nous aimons prendre soin de vous-m\u00eames Comment \u00e7a marche ? \u00c0 votre arriv\u00e9e, il vous sera remis un bracelet. Nous vous prions de l&#8217;avez sur votre poignet jusqu&#8217;\u00e0 votre d\u00e9part, afin que le personnel [&hellip;]<\/p>\n","protected":false},"author":1,"featured_media":0,"parent":0,"menu_order":0,"comment_status":"closed","ping_status":"closed","template":"","meta":{"site-sidebar-layout":"no-sidebar","site-content-layout":"page-builder","ast-site-content-layout":"default","site-content-style":"default","site-sidebar-style":"default","ast-global-header-display":"","ast-banner-title-visibility":"","ast-main-header-display":"","ast-hfb-above-header-display":"","ast-hfb-below-header-display":"","ast-hfb-mobile-header-display":"","site-post-title":"disabled","ast-breadcrumbs-content":"","ast-featured-img":"disabled","footer-sml-layout":"","ast-disable-related-posts":"","theme-transparent-header-meta":"","adv-header-id-meta":"","stick-header-meta":"","header-above-stick-meta":"","header-main-stick-meta":"","header-below-stick-meta":"","astra-migrate-meta-layouts":"default","ast-page-background-enabled":"default","ast-page-background-meta":{"desktop":{"background-color":"","background-image":"","background-repeat":"repeat","background-position":"center center","background-size":"auto","background-attachment":"scroll","background-type":"","background-media":"","overlay-type":"","overlay-color":"","overlay-opacity":"","overlay-gradient":""},"tablet":{"background-color":"","background-image":"","background-repeat":"repeat","background-position":"center center","background-size":"auto","background-attachment":"scroll","background-type":"","background-media":"","overlay-type":"","overlay-color":"","overlay-opacity":"","overlay-gradient":""},"mobile":{"background-color":"","background-image":"","background-repeat":"repeat","background-position":"center center","background-size":"auto","background-attachment":"scroll","background-type":"","background-media":"","overlay-type":"","overlay-color":"","overlay-opacity":"","overlay-gradient":""}},"ast-content-background-meta":{"desktop":{"background-color":"var(--ast-global-color-5)","background-image":"","background-repeat":"repeat","background-position":"center center","background-size":"auto","background-attachment":"scroll","background-type":"","background-media":"","overlay-type":"","overlay-color":"","overlay-opacity":"","overlay-gradient":""},"tablet":{"background-color":"var(--ast-global-color-5)","background-image":"","background-repeat":"repeat","background-position":"center center","background-size":"auto","background-attachment":"scroll","background-type":"","background-media":"","overlay-type":"","overlay-color":"","overlay-opacity":"","overlay-gradient":""},"mobile":{"background-color":"var(--ast-global-color-5)","background-image":"","background-repeat":"repeat","background-position":"center center","background-size":"auto","background-attachment":"scroll","background-type":"","background-media":"","overlay-type":"","overlay-color":"","overlay-opacity":"","overlay-gradient":""}},"footnotes":""},"class_list":["post-1709","page","type-page","status-publish","hentry"],"aioseo_notices":[],"_links":{"self":[{"href":"https:\/\/azulecohotel.com\/index.php\/wp-json\/wp\/v2\/pages\/1709","targetHints":{"allow":["GET"]}}],"collection":[{"href":"https:\/\/azulecohotel.com\/index.php\/wp-json\/wp\/v2\/pages"}],"about":[{"href":"https:\/\/azulecohotel.com\/index.php\/wp-json\/wp\/v2\/types\/page"}],"author":[{"embeddable":true,"href":"https:\/\/azulecohotel.com\/index.php\/wp-json\/wp\/v2\/users\/1"}],"replies":[{"embeddable":true,"href":"https:\/\/azulecohotel.com\/index.php\/wp-json\/wp\/v2\/comments?post=1709"}],"version-history":[{"count":1,"href":"https:\/\/azulecohotel.com\/index.php\/wp-json\/wp\/v2\/pages\/1709\/revisions"}],"predecessor-version":[{"id":1710,"href":"https:\/\/azulecohotel.com\/index.php\/wp-json\/wp\/v2\/pages\/1709\/revisions\/1710"}],"wp:attachment":[{"href":"https:\/\/azulecohotel.com\/index.php\/wp-json\/wp\/v2\/media?parent=1709"}],"curies":[{"name":"wp","href":"https:\/\/api.w.org\/{rel}","templated":true}]}}