{"id":1712,"date":"2023-03-09T23:46:10","date_gmt":"2023-03-09T21:46:10","guid":{"rendered":"https:\/\/azulecohotel.com\/index.php\/all-inclusive\/"},"modified":"2023-03-09T23:46:10","modified_gmt":"2023-03-09T21:46:10","slug":"all-inclusive","status":"publish","type":"page","link":"https:\/\/azulecohotel.com\/index.php\/all-inclusive\/?lang=pl","title":{"rendered":"All inclusive"},"content":{"rendered":"\t\t<div data-elementor-type=\"wp-page\" data-elementor-id=\"1712\" class=\"elementor elementor-1712\">\n\t\t\t\t\t\t<section class=\"elementor-section elementor-top-section elementor-element elementor-element-9dd2e39 elementor-section-boxed elementor-section-height-default elementor-section-height-default\" data-id=\"9dd2e39\" data-element_type=\"section\">\n\t\t\t\t\t\t<div class=\"elementor-container elementor-column-gap-default\">\n\t\t\t\t\t<div class=\"elementor-column elementor-col-100 elementor-top-column elementor-element elementor-element-61b8566\" data-id=\"61b8566\" data-element_type=\"column\">\n\t\t\t<div class=\"elementor-widget-wrap elementor-element-populated\">\n\t\t\t\t\t\t<div class=\"elementor-element elementor-element-e8b3068 elementor-widget elementor-widget-heading\" data-id=\"e8b3068\" data-element_type=\"widget\" data-widget_type=\"heading.default\">\n\t\t\t\t<div class=\"elementor-widget-container\">\n\t\t\t\t\t<h2 class=\"elementor-heading-title elementor-size-default\">All Inclusive<\/h2>\t\t\t\t<\/div>\n\t\t\t\t<\/div>\n\t\t\t\t<section class=\"elementor-section elementor-inner-section elementor-element elementor-element-0383cb1 elementor-section-boxed elementor-section-height-default elementor-section-height-default\" data-id=\"0383cb1\" data-element_type=\"section\">\n\t\t\t\t\t\t<div class=\"elementor-container elementor-column-gap-default\">\n\t\t\t\t\t<div class=\"elementor-column elementor-col-50 elementor-inner-column elementor-element elementor-element-a6a7fff\" data-id=\"a6a7fff\" data-element_type=\"column\">\n\t\t\t<div class=\"elementor-widget-wrap elementor-element-populated\">\n\t\t\t\t\t\t<div class=\"elementor-element elementor-element-993304d elementor-widget elementor-widget-image-carousel\" data-id=\"993304d\" data-element_type=\"widget\" data-settings=\"{&quot;slides_to_show&quot;:&quot;1&quot;,&quot;navigation&quot;:&quot;none&quot;,&quot;autoplay&quot;:&quot;yes&quot;,&quot;pause_on_hover&quot;:&quot;yes&quot;,&quot;pause_on_interaction&quot;:&quot;yes&quot;,&quot;autoplay_speed&quot;:5000,&quot;infinite&quot;:&quot;yes&quot;,&quot;effect&quot;:&quot;slide&quot;,&quot;speed&quot;:500}\" data-widget_type=\"image-carousel.default\">\n\t\t\t\t<div class=\"elementor-widget-container\">\n\t\t\t\t\t\t\t<div class=\"elementor-image-carousel-wrapper swiper\" role=\"region\" aria-roledescription=\"carousel\" aria-label=\"Karuzela obrazk\u00f3w\" dir=\"ltr\">\n\t\t\t<div class=\"elementor-image-carousel swiper-wrapper swiper-image-stretch\" aria-live=\"off\">\n\t\t\t\t\t\t\t\t<div class=\"swiper-slide\" role=\"group\" aria-roledescription=\"slide\" aria-label=\"1 z 2\"><figure class=\"swiper-slide-inner\"><img decoding=\"async\" class=\"swiper-slide-image\" src=\"https:\/\/azulecohotel.com\/wp-content\/uploads\/2023\/01\/delicious-mousse-desserts-decorated-with-strawberries-banquet-candy-bar-300x200.jpg\" alt=\"Delicious mousse desserts decorated with strawberries at the banquet candy bar\" \/><\/figure><\/div><div class=\"swiper-slide\" role=\"group\" aria-roledescription=\"slide\" aria-label=\"2 z 2\"><figure class=\"swiper-slide-inner\"><img decoding=\"async\" class=\"swiper-slide-image\" src=\"https:\/\/azulecohotel.com\/wp-content\/uploads\/2023\/01\/pouring-strong-alcohol-drink-into-glasses-which-are-wooden-table-300x200.jpg\" alt=\"Pouring strong alcohol drink into the glasses which are on the wooden table\" \/><\/figure><\/div>\t\t\t<\/div>\n\t\t\t\t\t\t\t\n\t\t\t\t\t\t\t\t\t<\/div>\n\t\t\t\t\t\t<\/div>\n\t\t\t\t<\/div>\n\t\t\t\t\t<\/div>\n\t\t<\/div>\n\t\t\t\t<div class=\"elementor-column elementor-col-50 elementor-inner-column elementor-element elementor-element-9bb2b09\" data-id=\"9bb2b09\" data-element_type=\"column\">\n\t\t\t<div class=\"elementor-widget-wrap elementor-element-populated\">\n\t\t\t\t\t\t<div class=\"elementor-element elementor-element-4da2ade elementor-widget elementor-widget-text-editor\" data-id=\"4da2ade\" data-element_type=\"widget\" data-widget_type=\"text-editor.default\">\n\t\t\t\t<div class=\"elementor-widget-container\">\n\t\t\t\t\t\t\t\t\t<p>Us\u0142ugi all inclusive s\u0105 wysokiej jako\u015bci, gwarantuj\u0105c go\u015bciom niestandardowe, doskona\u0142e do\u015bwiadczenia i oferuj\u0105c dodatkowe atrakcje.<br \/>\nUwielbiamy pomaga\u0107<\/p>\n\t\t\t\t\t\t\t\t<\/div>\n\t\t\t\t<\/div>\n\t\t\t\t\t<\/div>\n\t\t<\/div>\n\t\t\t\t\t<\/div>\n\t\t<\/section>\n\t\t\t\t\t<\/div>\n\t\t<\/div>\n\t\t\t\t\t<\/div>\n\t\t<\/section>\n\t\t\t\t<section class=\"elementor-section elementor-top-section elementor-element elementor-element-1ba1af8 elementor-section-boxed elementor-section-height-default elementor-section-height-default\" data-id=\"1ba1af8\" data-element_type=\"section\">\n\t\t\t\t\t\t<div class=\"elementor-container elementor-column-gap-default\">\n\t\t\t\t\t<div class=\"elementor-column elementor-col-100 elementor-top-column elementor-element elementor-element-d4d568a\" data-id=\"d4d568a\" data-element_type=\"column\">\n\t\t\t<div class=\"elementor-widget-wrap elementor-element-populated\">\n\t\t\t\t\t\t<section class=\"elementor-section elementor-inner-section elementor-element elementor-element-fbefdb0 elementor-section-boxed elementor-section-height-default elementor-section-height-default\" data-id=\"fbefdb0\" data-element_type=\"section\">\n\t\t\t\t\t\t<div class=\"elementor-container elementor-column-gap-default\">\n\t\t\t\t\t<div class=\"elementor-column elementor-col-50 elementor-inner-column elementor-element elementor-element-5f45c96\" data-id=\"5f45c96\" data-element_type=\"column\">\n\t\t\t<div class=\"elementor-widget-wrap elementor-element-populated\">\n\t\t\t\t\t\t<div class=\"elementor-element elementor-element-5ef75c2 elementor-widget elementor-widget-heading\" data-id=\"5ef75c2\" data-element_type=\"widget\" data-widget_type=\"heading.default\">\n\t\t\t\t<div class=\"elementor-widget-container\">\n\t\t\t\t\t<h3 class=\"elementor-heading-title elementor-size-default\">Jak to dzia\u0142a?<\/h3>\t\t\t\t<\/div>\n\t\t\t\t<\/div>\n\t\t\t\t<div class=\"elementor-element elementor-element-c83e336 elementor-widget elementor-widget-text-editor\" data-id=\"c83e336\" data-element_type=\"widget\" data-widget_type=\"text-editor.default\">\n\t\t\t\t<div class=\"elementor-widget-container\">\n\t\t\t\t\t\t\t\t\t<p>Po przyje\u017adzie otrzymasz bransoletk\u0119. Uprzejmie prosimy o noszenie jej na nadgarstku a\u017c do wyjazdu, aby obs\u0142uga hotelu mog\u0142a rozpozna\u0107 Ci\u0119 jako go\u015bcia hotelowego w ramach all inclusive.<\/p>\n<p>Program Ultra All-inclusive dzia\u0142a codziennie od 07:00 do 22:00.<\/p>\n\t\t\t\t\t\t\t\t<\/div>\n\t\t\t\t<\/div>\n\t\t\t\t\t<\/div>\n\t\t<\/div>\n\t\t\t\t<div class=\"elementor-column elementor-col-50 elementor-inner-column elementor-element elementor-element-c828b22\" data-id=\"c828b22\" data-element_type=\"column\">\n\t\t\t<div class=\"elementor-widget-wrap elementor-element-populated\">\n\t\t\t\t\t\t<div class=\"elementor-element elementor-element-e7b08d6 elementor-widget elementor-widget-image-carousel\" data-id=\"e7b08d6\" data-element_type=\"widget\" data-settings=\"{&quot;slides_to_show&quot;:&quot;1&quot;,&quot;navigation&quot;:&quot;none&quot;,&quot;autoplay&quot;:&quot;yes&quot;,&quot;pause_on_hover&quot;:&quot;yes&quot;,&quot;pause_on_interaction&quot;:&quot;yes&quot;,&quot;autoplay_speed&quot;:5000,&quot;infinite&quot;:&quot;yes&quot;,&quot;effect&quot;:&quot;slide&quot;,&quot;speed&quot;:500}\" data-widget_type=\"image-carousel.default\">\n\t\t\t\t<div class=\"elementor-widget-container\">\n\t\t\t\t\t\t\t<div class=\"elementor-image-carousel-wrapper swiper\" role=\"region\" aria-roledescription=\"carousel\" aria-label=\"Karuzela obrazk\u00f3w\" dir=\"ltr\">\n\t\t\t<div class=\"elementor-image-carousel swiper-wrapper swiper-image-stretch\" aria-live=\"off\">\n\t\t\t\t\t\t\t\t<div class=\"swiper-slide\" role=\"group\" aria-roledescription=\"slide\" aria-label=\"1 z 2\"><figure class=\"swiper-slide-inner\"><img decoding=\"async\" class=\"swiper-slide-image\" src=\"https:\/\/azulecohotel.com\/wp-content\/uploads\/2023\/01\/all-smiles-for-party-sparklers-300x200.jpg\" alt=\"all-smiles-for-party-sparklers\" \/><\/figure><\/div><div class=\"swiper-slide\" role=\"group\" aria-roledescription=\"slide\" aria-label=\"2 z 2\"><figure class=\"swiper-slide-inner\"><img decoding=\"async\" class=\"swiper-slide-image\" src=\"https:\/\/azulecohotel.com\/wp-content\/uploads\/2023\/01\/dark-night-lights-2595778-300x200.jpg\" alt=\"dark, night, lights-2595778.jpg\" \/><\/figure><\/div>\t\t\t<\/div>\n\t\t\t\t\t\t\t\n\t\t\t\t\t\t\t\t\t<\/div>\n\t\t\t\t\t\t<\/div>\n\t\t\t\t<\/div>\n\t\t\t\t\t<\/div>\n\t\t<\/div>\n\t\t\t\t\t<\/div>\n\t\t<\/section>\n\t\t\t\t\t<\/div>\n\t\t<\/div>\n\t\t\t\t\t<\/div>\n\t\t<\/section>\n\t\t\t\t<section class=\"elementor-section elementor-top-section elementor-element elementor-element-fcd7efe elementor-section-boxed elementor-section-height-default elementor-section-height-default\" data-id=\"fcd7efe\" data-element_type=\"section\">\n\t\t\t\t\t\t<div class=\"elementor-container elementor-column-gap-default\">\n\t\t\t\t\t<div class=\"elementor-column elementor-col-100 elementor-top-column elementor-element elementor-element-68749ab\" data-id=\"68749ab\" data-element_type=\"column\">\n\t\t\t<div class=\"elementor-widget-wrap elementor-element-populated\">\n\t\t\t\t\t\t<div class=\"elementor-element elementor-element-b5ce5ab elementor-widget elementor-widget-heading\" data-id=\"b5ce5ab\" data-element_type=\"widget\" data-widget_type=\"heading.default\">\n\t\t\t\t<div class=\"elementor-widget-container\">\n\t\t\t\t\t<h3 class=\"elementor-heading-title elementor-size-default\">Co zawiera program Ultra All-Inclusive?<\/h3>\t\t\t\t<\/div>\n\t\t\t\t<\/div>\n\t\t\t\t<div class=\"elementor-element elementor-element-fbed594 elementor-widget elementor-widget-text-editor\" data-id=\"fbed594\" data-element_type=\"widget\" data-widget_type=\"text-editor.default\">\n\t\t\t\t<div class=\"elementor-widget-container\">\n\t\t\t\t\t\t\t\t\t<p>\u015aniadania, obiady i kolacje w g\u0142\u00f3wnej restauracji hotelowej (kuchnia mi\u0119dzynarodowa i \u015br\u00f3dziemnomorska).<\/p>\n<p>&nbsp;<\/p>\n<ul>\n<li>\u015aniadanie 07.30 &#8211; 10.00. Styl szwedzkiego sto\u0142u<\/li>\n<li>Obiad 13.00 &#8211; 15.00. Styl szwedzkiego sto\u0142u<\/li>\n<li>Kolacja 19.00 &#8211; 21.30. Styl szwedzkiego sto\u0142u<\/li>\n<\/ul>\n<p>Du\u017cy wyb\u00f3r napoj\u00f3w bezalkoholowych, piwa beczkowego i mi\u0119dzynarodowych napoj\u00f3w alkoholowych (w ramach menu all inclusive).<\/p>\n<p>Menu wegetaria\u0144skie i dla diabetyk\u00f3w (na \u017cyczenie)<\/p>\n<p>Cotygodniowe wieczory tematyczne (np. wiecz\u00f3r w\u0142oski lub grecki)<\/p>\n<p>Bar przy basenie 10.00 &#8211; 23.00<\/p>\n<ul>\n<li>Nieograniczona konsumpcja r\u00f3\u017cnych kaw, herbat, napoj\u00f3w bezalkoholowych, mleka, czekolady, sok\u00f3w, wody sodowej (zawarte w menu all inclusive)<\/li>\n<li>Du\u017cy wyb\u00f3r napoj\u00f3w bezalkoholowych, piwo beczkowe oraz mi\u0119dzynarodowe i greckie (Ouzo, Raki) napoje alkoholowe (zawarte w menu all inclusive).<\/li>\n<\/ul>\n<p>Pokoje<\/p>\n<ul>\n<li>Butelka wody w dniu przyjazdu<\/li>\n<li>Zestaw do parzenia kawy i herbaty<\/li>\n<\/ul>\n<p>Us\u0142ugi i wyposa\u017cenie dodatkowe<\/p>\n<ul>\n<li>Bezp\u0142atne korzystanie z hotelowego basenu i le\u017cak\u00f3w (10.00-19.00). R\u0119czniki pla\u017cowe (za kaucj\u0105)<\/li>\n<\/ul>\n\t\t\t\t\t\t\t\t<\/div>\n\t\t\t\t<\/div>\n\t\t\t\t\t<\/div>\n\t\t<\/div>\n\t\t\t\t\t<\/div>\n\t\t<\/section>\n\t\t\t\t<section class=\"elementor-section elementor-top-section elementor-element elementor-element-e128589 elementor-section-boxed elementor-section-height-default elementor-section-height-default\" data-id=\"e128589\" data-element_type=\"section\">\n\t\t\t\t\t\t<div class=\"elementor-container elementor-column-gap-default\">\n\t\t\t\t\t<div class=\"elementor-column elementor-col-100 elementor-top-column elementor-element elementor-element-5cb30d9\" data-id=\"5cb30d9\" data-element_type=\"column\">\n\t\t\t<div class=\"elementor-widget-wrap elementor-element-populated\">\n\t\t\t\t\t\t<div class=\"elementor-element elementor-element-1e31986 elementor-widget elementor-widget-image\" data-id=\"1e31986\" data-element_type=\"widget\" data-widget_type=\"image.default\">\n\t\t\t\t<div class=\"elementor-widget-container\">\n\t\t\t\t\t\t\t\t\t\t\t\t\t\t\t<img fetchpriority=\"high\" decoding=\"async\" width=\"1024\" height=\"656\" src=\"https:\/\/azulecohotel.com\/wp-content\/uploads\/2023\/01\/architecture-terrace-crete-5028845-1024x656.jpg\" class=\"attachment-large size-large wp-image-824\" alt=\"architecture, terrace, crete-5028845.jpg\" srcset=\"https:\/\/azulecohotel.com\/wp-content\/uploads\/2023\/01\/architecture-terrace-crete-5028845-1024x656.jpg 1024w, https:\/\/azulecohotel.com\/wp-content\/uploads\/2023\/01\/architecture-terrace-crete-5028845-300x192.jpg 300w, https:\/\/azulecohotel.com\/wp-content\/uploads\/2023\/01\/architecture-terrace-crete-5028845-768x492.jpg 768w, https:\/\/azulecohotel.com\/wp-content\/uploads\/2023\/01\/architecture-terrace-crete-5028845.jpg 1280w\" sizes=\"(max-width: 1024px) 100vw, 1024px\" \/>\t\t\t\t\t\t\t\t\t\t\t\t\t\t\t<\/div>\n\t\t\t\t<\/div>\n\t\t\t\t\t<\/div>\n\t\t<\/div>\n\t\t\t\t\t<\/div>\n\t\t<\/section>\n\t\t\t\t<section class=\"elementor-section elementor-top-section elementor-element elementor-element-22bf82c elementor-section-boxed elementor-section-height-default elementor-section-height-default\" data-id=\"22bf82c\" data-element_type=\"section\" data-settings=\"{&quot;background_background&quot;:&quot;classic&quot;}\">\n\t\t\t\t\t\t<div class=\"elementor-container elementor-column-gap-default\">\n\t\t\t\t\t<div class=\"elementor-column elementor-col-100 elementor-top-column elementor-element elementor-element-4fb00a4\" data-id=\"4fb00a4\" data-element_type=\"column\">\n\t\t\t<div class=\"elementor-widget-wrap elementor-element-populated\">\n\t\t\t\t\t\t<div class=\"elementor-element elementor-element-2963b48 elementor-widget elementor-widget-text-editor\" data-id=\"2963b48\" data-element_type=\"widget\" data-widget_type=\"text-editor.default\">\n\t\t\t\t<div class=\"elementor-widget-container\">\n\t\t\t\t\t\t\t\t\t<ul>\n<li>System ten obowi\u0105zuje w restauracji i barze przy basenie do godziny 22.00. Po tym czasie pobierana jest op\u0142ata zgodnie z naszym cennikiem.<\/li>\n<li>Z przywilej\u00f3w pakietu Ultra All-Inclusive mo\u017cna korzysta\u0107 w momencie przyjazdu do hotelu a\u017c do wyjazdu z hotelu o godzinie 11.00. W przypadku przyjazdu przed godzin\u0105 15.00 mo\u017cna korzysta\u0107 z przywilej\u00f3w Ultra All-Inclusive.<\/li>\n<li>Wszystko inne, co nie jest wymienione powy\u017cej, nie jest wliczone do bezp\u0142atnie \u015bwiadczonych us\u0142ug.<\/li>\n<li>Administracja hotelu zastrzega sobie prawo do wprowadzenia pewnych zmian w programie bez wcze\u015bniejszego powiadomienia.<\/li>\n<\/ul>\n\t\t\t\t\t\t\t\t<\/div>\n\t\t\t\t<\/div>\n\t\t\t\t\t<\/div>\n\t\t<\/div>\n\t\t\t\t\t<\/div>\n\t\t<\/section>\n\t\t\t\t<section class=\"elementor-section elementor-top-section elementor-element elementor-element-c435922 elementor-section-boxed elementor-section-height-default elementor-section-height-default\" data-id=\"c435922\" data-element_type=\"section\">\n\t\t\t\t\t\t<div class=\"elementor-container elementor-column-gap-default\">\n\t\t\t\t\t<div class=\"elementor-column elementor-col-100 elementor-top-column elementor-element elementor-element-da9b471\" data-id=\"da9b471\" data-element_type=\"column\">\n\t\t\t<div class=\"elementor-widget-wrap elementor-element-populated\">\n\t\t\t\t\t\t<div class=\"elementor-element elementor-element-8351bae elementor-widget elementor-widget-spacer\" data-id=\"8351bae\" data-element_type=\"widget\" data-widget_type=\"spacer.default\">\n\t\t\t\t<div class=\"elementor-widget-container\">\n\t\t\t\t\t\t\t<div class=\"elementor-spacer\">\n\t\t\t<div class=\"elementor-spacer-inner\"><\/div>\n\t\t<\/div>\n\t\t\t\t\t\t<\/div>\n\t\t\t\t<\/div>\n\t\t\t\t\t<\/div>\n\t\t<\/div>\n\t\t\t\t\t<\/div>\n\t\t<\/section>\n\t\t\t\t<\/div>\n\t\t","protected":false},"excerpt":{"rendered":"<p>All Inclusive Us\u0142ugi all inclusive s\u0105 wysokiej jako\u015bci, gwarantuj\u0105c go\u015bciom niestandardowe, doskona\u0142e do\u015bwiadczenia i oferuj\u0105c dodatkowe atrakcje. Uwielbiamy pomaga\u0107 Jak to dzia\u0142a? Po przyje\u017adzie otrzymasz bransoletk\u0119. Uprzejmie prosimy o noszenie jej na nadgarstku a\u017c do wyjazdu, aby obs\u0142uga hotelu mog\u0142a rozpozna\u0107 Ci\u0119 jako go\u015bcia hotelowego w ramach all inclusive. Program Ultra All-inclusive dzia\u0142a codziennie od [&hellip;]<\/p>\n","protected":false},"author":1,"featured_media":0,"parent":0,"menu_order":0,"comment_status":"closed","ping_status":"closed","template":"","meta":{"site-sidebar-layout":"no-sidebar","site-content-layout":"page-builder","ast-site-content-layout":"default","site-content-style":"default","site-sidebar-style":"default","ast-global-header-display":"","ast-banner-title-visibility":"","ast-main-header-display":"","ast-hfb-above-header-display":"","ast-hfb-below-header-display":"","ast-hfb-mobile-header-display":"","site-post-title":"disabled","ast-breadcrumbs-content":"","ast-featured-img":"disabled","footer-sml-layout":"","ast-disable-related-posts":"","theme-transparent-header-meta":"","adv-header-id-meta":"","stick-header-meta":"","header-above-stick-meta":"","header-main-stick-meta":"","header-below-stick-meta":"","astra-migrate-meta-layouts":"default","ast-page-background-enabled":"default","ast-page-background-meta":{"desktop":{"background-color":"","background-image":"","background-repeat":"repeat","background-position":"center center","background-size":"auto","background-attachment":"scroll","background-type":"","background-media":"","overlay-type":"","overlay-color":"","overlay-opacity":"","overlay-gradient":""},"tablet":{"background-color":"","background-image":"","background-repeat":"repeat","background-position":"center center","background-size":"auto","background-attachment":"scroll","background-type":"","background-media":"","overlay-type":"","overlay-color":"","overlay-opacity":"","overlay-gradient":""},"mobile":{"background-color":"","background-image":"","background-repeat":"repeat","background-position":"center center","background-size":"auto","background-attachment":"scroll","background-type":"","background-media":"","overlay-type":"","overlay-color":"","overlay-opacity":"","overlay-gradient":""}},"ast-content-background-meta":{"desktop":{"background-color":"var(--ast-global-color-5)","background-image":"","background-repeat":"repeat","background-position":"center center","background-size":"auto","background-attachment":"scroll","background-type":"","background-media":"","overlay-type":"","overlay-color":"","overlay-opacity":"","overlay-gradient":""},"tablet":{"background-color":"var(--ast-global-color-5)","background-image":"","background-repeat":"repeat","background-position":"center center","background-size":"auto","background-attachment":"scroll","background-type":"","background-media":"","overlay-type":"","overlay-color":"","overlay-opacity":"","overlay-gradient":""},"mobile":{"background-color":"var(--ast-global-color-5)","background-image":"","background-repeat":"repeat","background-position":"center center","background-size":"auto","background-attachment":"scroll","background-type":"","background-media":"","overlay-type":"","overlay-color":"","overlay-opacity":"","overlay-gradient":""}},"footnotes":""},"class_list":["post-1712","page","type-page","status-publish","hentry"],"aioseo_notices":[],"_links":{"self":[{"href":"https:\/\/azulecohotel.com\/index.php\/wp-json\/wp\/v2\/pages\/1712","targetHints":{"allow":["GET"]}}],"collection":[{"href":"https:\/\/azulecohotel.com\/index.php\/wp-json\/wp\/v2\/pages"}],"about":[{"href":"https:\/\/azulecohotel.com\/index.php\/wp-json\/wp\/v2\/types\/page"}],"author":[{"embeddable":true,"href":"https:\/\/azulecohotel.com\/index.php\/wp-json\/wp\/v2\/users\/1"}],"replies":[{"embeddable":true,"href":"https:\/\/azulecohotel.com\/index.php\/wp-json\/wp\/v2\/comments?post=1712"}],"version-history":[{"count":1,"href":"https:\/\/azulecohotel.com\/index.php\/wp-json\/wp\/v2\/pages\/1712\/revisions"}],"predecessor-version":[{"id":1713,"href":"https:\/\/azulecohotel.com\/index.php\/wp-json\/wp\/v2\/pages\/1712\/revisions\/1713"}],"wp:attachment":[{"href":"https:\/\/azulecohotel.com\/index.php\/wp-json\/wp\/v2\/media?parent=1712"}],"curies":[{"name":"wp","href":"https:\/\/api.w.org\/{rel}","templated":true}]}}